{"id":5903,"date":"2022-06-29T14:26:49","date_gmt":"2022-06-29T14:26:49","guid":{"rendered":"https:\/\/buducnostinak.sk\/contact\/"},"modified":"2025-11-12T08:10:41","modified_gmt":"2025-11-12T08:10:41","slug":"contact","status":"publish","type":"page","link":"https:\/\/buducnostinak.sk\/en\/contact\/","title":{"rendered":"Contact"},"content":{"rendered":"<p>[et_pb_section fb_built=&#8221;1&#8243; _builder_version=&#8221;4.17.4&#8243; _module_preset=&#8221;default&#8221; background_color=&#8221;RGBA(255,255,255,0)&#8221; background_image=&#8221;https:\/\/buducnostinak.sk\/wp-content\/uploads\/2022\/10\/kontakt-foto-2.jpg&#8221; parallax=&#8221;on&#8221; custom_padding=&#8221;5%||5%||false|false&#8221; global_colors_info=&#8221;{}&#8221;][et_pb_row column_structure=&#8221;1_3,1_3,1_3&#8243; use_custom_gutter=&#8221;on&#8221; gutter_width=&#8221;1&#8243; _builder_version=&#8221;4.17.4&#8243; _module_preset=&#8221;default&#8221; width_tablet=&#8221;99.3%&#8221; width_phone=&#8221;100%&#8221; width_last_edited=&#8221;on|desktop&#8221; min_height=&#8221;326.7px&#8221; custom_margin=&#8221;||||false|false&#8221; custom_padding=&#8221;||||false|false&#8221; custom_css_main_element=&#8221;  display: flex;||align-items: center;&#8221; global_colors_info=&#8221;{}&#8221; custom_css_main_element_last_edited=&#8221;on|desktop&#8221; custom_css_main_element_tablet=&#8221;display: block;&#8221; custom_css_main_element_phone=&#8221;display: block;&#8221;][et_pb_column type=&#8221;1_3&#8243; _builder_version=&#8221;4.17.4&#8243; _module_preset=&#8221;default&#8221; global_colors_info=&#8221;{}&#8221;][et_pb_blurb title=&#8221;Open Future programme office BRATISLAVA&#8221; content_max_width=&#8221;100%&#8221; content_max_width_tablet=&#8221;82%&#8221; content_max_width_phone=&#8221;82%&#8221; content_max_width_last_edited=&#8221;on|desktop&#8221; admin_label=&#8221;BA (engli)&#8221; _builder_version=&#8221;4.17.4&#8243; _module_preset=&#8221;default&#8221; header_text_color=&#8221;gcid-42403680-bd23-4451-8f19-5bbb92492dae&#8221; header_font_size=&#8221;23px&#8221; header_line_height=&#8221;1.2em&#8221; body_font=&#8221;|600|||||||&#8221; body_text_color=&#8221;#FFFFFF&#8221; body_font_size=&#8221;15px&#8221; body_link_text_color=&#8221;rgba(255,255,255,0.66)&#8221; background_enable_color=&#8221;off&#8221; height=&#8221;210px&#8221; height_tablet=&#8221;100%&#8221; height_phone=&#8221;100%&#8221; height_last_edited=&#8221;on|desktop&#8221; custom_margin=&#8221;||||false|false&#8221; custom_padding=&#8221;||||false|false&#8221; animation_direction=&#8221;bottom&#8221; hover_enabled=&#8221;0&#8243; global_colors_info=&#8221;{%22gcid-42403680-bd23-4451-8f19-5bbb92492dae%22:%91%22header_text_color%22%93}&#8221; sticky_enabled=&#8221;0&#8243;]<\/p>\n<p>Pontis Foundation<br \/>Zelin\u00e1rska 2<br \/>821 08 Bratislava<br \/>Slovakia<\/p>\n<p><a id=\"visualcom\" href=\"tel:+421908069872\">+421 <span style=\"color: #fff;\">908 069 872<\/span><\/a><\/p>\n<p>[\/et_pb_blurb][\/et_pb_column][et_pb_column type=&#8221;1_3&#8243; _builder_version=&#8221;4.17.4&#8243; _module_preset=&#8221;default&#8221; global_colors_info=&#8221;{}&#8221;][et_pb_blurb title=&#8221;Open Future programme centre TRNAVA&#8221; content_max_width=&#8221;90%&#8221; content_max_width_tablet=&#8221;82%&#8221; content_max_width_phone=&#8221;82%&#8221; content_max_width_last_edited=&#8221;on|desktop&#8221; admin_label=&#8221;Trnava (engli)&#8221; _builder_version=&#8221;4.17.4&#8243; _module_preset=&#8221;default&#8221; header_text_color=&#8221;gcid-42403680-bd23-4451-8f19-5bbb92492dae&#8221; header_font_size=&#8221;23px&#8221; header_line_height=&#8221;1.2em&#8221; body_font=&#8221;|600|||||||&#8221; body_text_color=&#8221;#FFFFFF&#8221; body_font_size=&#8221;15px&#8221; body_link_text_color=&#8221;rgba(255,255,255,0.61)&#8221; background_enable_color=&#8221;off&#8221; height=&#8221;210px&#8221; height_tablet=&#8221;100%&#8221; height_phone=&#8221;100%&#8221; height_last_edited=&#8221;on|tablet&#8221; custom_padding_tablet=&#8221;50px||||false|false&#8221; custom_padding_phone=&#8221;50px||||false|false&#8221; custom_padding_last_edited=&#8221;on|tablet&#8221; animation_direction=&#8221;bottom&#8221; hover_enabled=&#8221;0&#8243; global_colors_info=&#8221;{%22gcid-42403680-bd23-4451-8f19-5bbb92492dae%22:%91%22header_text_color%22%93}&#8221; sticky_enabled=&#8221;0&#8243;]<\/p>\n<p>Primary School<br \/>Maxima Gorky 21<br \/>917 02 Trnava<br \/>Slovakia<\/p>\n<p><a id=\"visualcom\" href=\"tel:+421911984911\">+421 <span style=\"color: #fff;\">911 984 911<\/span><\/a><\/p>\n<p>[\/et_pb_blurb][\/et_pb_column][et_pb_column type=&#8221;1_3&#8243; _builder_version=&#8221;4.17.4&#8243; _module_preset=&#8221;default&#8221; global_colors_info=&#8221;{}&#8221;][et_pb_blurb title=&#8221;Open Future programme centre ZVOLEN&#8221; content_max_width=&#8221;90%&#8221; content_max_width_tablet=&#8221;82%&#8221; content_max_width_phone=&#8221;82%&#8221; content_max_width_last_edited=&#8221;on|desktop&#8221; admin_label=&#8221;Zilina (engli)&#8221; _builder_version=&#8221;4.17.4&#8243; _module_preset=&#8221;default&#8221; header_text_color=&#8221;gcid-42403680-bd23-4451-8f19-5bbb92492dae&#8221; header_font_size=&#8221;23px&#8221; header_line_height=&#8221;1.2em&#8221; body_font=&#8221;|600|||||||&#8221; body_text_color=&#8221;#FFFFFF&#8221; body_font_size=&#8221;15px&#8221; body_link_text_color=&#8221;rgba(255,255,255,0.62)&#8221; background_enable_color=&#8221;off&#8221; height=&#8221;210px&#8221; height_tablet=&#8221;100%&#8221; height_phone=&#8221;100%&#8221; height_last_edited=&#8221;on|desktop&#8221; custom_padding_tablet=&#8221;50px||50px||true|false&#8221; custom_padding_phone=&#8221;50px||||false|false&#8221; custom_padding_last_edited=&#8221;on|tablet&#8221; animation_direction=&#8221;bottom&#8221; hover_enabled=&#8221;0&#8243; global_colors_info=&#8221;{%22gcid-42403680-bd23-4451-8f19-5bbb92492dae%22:%91%22header_text_color%22%93}&#8221; sticky_enabled=&#8221;0&#8243;]<\/p>\n<p>Elementary School<br \/>Petra Jilemnick\u00e9ho 1<br \/>960 01 Zvolen<br \/>Slovakia<\/p>\n<p><a id=\"visualcom\" href=\"tel:+421918985219\">+421 <span style=\"color: #fff;\">918 985 219<\/span><\/a><\/p>\n<p>[\/et_pb_blurb][\/et_pb_column][\/et_pb_row][\/et_pb_section][et_pb_section fb_built=&#8221;1&#8243; module_id=&#8221;maps&#8221; _builder_version=&#8221;4.17.4&#8243; background_color=&#8221;RGBA(255,255,255,0)&#8221; custom_padding=&#8221;2%||2%||false|false&#8221; global_colors_info=&#8221;{}&#8221;][et_pb_row column_structure=&#8221;1_2,1_2&#8243; _builder_version=&#8221;4.17.4&#8243; _module_preset=&#8221;default&#8221; global_colors_info=&#8221;{}&#8221;][et_pb_column type=&#8221;1_2&#8243; _builder_version=&#8221;4.17.4&#8243; _module_preset=&#8221;default&#8221; global_colors_info=&#8221;{}&#8221;][et_pb_blurb title=&#8221;Contact&#8221; _builder_version=&#8221;4.17.4&#8243; _module_preset=&#8221;default&#8221; header_text_color=&#8221;gcid-42403680-bd23-4451-8f19-5bbb92492dae&#8221; header_font_size=&#8221;21px&#8221; body_text_color=&#8221;gcid-53e41acd-58ce-4c46-93b1-6abbdd39254c&#8221; body_font_size=&#8221;15px&#8221; body_link_text_color=&#8221;gcid-53e41acd-58ce-4c46-93b1-6abbdd39254c&#8221; custom_padding=&#8221;||20px||false|false&#8221; global_colors_info=&#8221;{%22gcid-42403680-bd23-4451-8f19-5bbb92492dae%22:%91%22header_text_color%22%93,%22gcid-53e41acd-58ce-4c46-93b1-6abbdd39254c%22:%91%22body_link_text_color%22,%22body_text_color%22%93}&#8221;]<\/p>\n<p><a id=\"visualcom\" href=\"mailto:pontis@nadaciapontis.sk\">buducnostinak@nadaciapontis.sk<\/a><br \/><a id=\"visualcom\" href=\"mailto:pontis@pontisfoundation.sk\"><\/a><\/p>\n<p>[\/et_pb_blurb][et_pb_blurb title=&#8221;Bank details&#8221; _builder_version=&#8221;4.17.4&#8243; _module_preset=&#8221;default&#8221; header_text_color=&#8221;gcid-42403680-bd23-4451-8f19-5bbb92492dae&#8221; header_font_size=&#8221;21px&#8221; body_text_color=&#8221;gcid-53e41acd-58ce-4c46-93b1-6abbdd39254c&#8221; body_font_size=&#8221;15px&#8221; custom_padding=&#8221;||20px||false|false&#8221; global_colors_info=&#8221;{%22gcid-53e41acd-58ce-4c46-93b1-6abbdd39254c%22:%91%22body_text_color%22%93,%22gcid-42403680-bd23-4451-8f19-5bbb92492dae%22:%91%22header_text_color%22%93}&#8221;]<\/p>\n<p>IBAN: SK33 0200 0000 0027 2106 2753<br \/>SWIFT: SUBASKBX<br \/>Name of the bank: V\u00daB, a.s.<br \/>Address of the bank: Mlynsk\u00e9 Nivy Street 1 , 829 90 Bratislava, Slovakia<\/p>\n<p>[\/et_pb_blurb][et_pb_blurb title=&#8221;The Pontis Foundation Charter&#8221; _builder_version=&#8221;4.17.4&#8243; _module_preset=&#8221;default&#8221; header_text_color=&#8221;gcid-42403680-bd23-4451-8f19-5bbb92492dae&#8221; header_font_size=&#8221;20px&#8221; body_font=&#8221;Poppins|500|||||||&#8221; body_text_color=&#8221;gcid-53e41acd-58ce-4c46-93b1-6abbdd39254c&#8221; body_font_size=&#8221;15px&#8221; body_link_text_color=&#8221;gcid-53e41acd-58ce-4c46-93b1-6abbdd39254c&#8221; global_colors_info=&#8221;{%22gcid-53e41acd-58ce-4c46-93b1-6abbdd39254c%22:%91%22body_text_color%22,%22body_link_text_color%22%93,%22gcid-42403680-bd23-4451-8f19-5bbb92492dae%22:%91%22header_text_color%22%93}&#8221;]<\/p>\n<div class=\"row\">\n<div class=\"col-md-12 text-center\">The Foundation is registered under Act No. 34\/2002 Coll. on foundations<br \/>the Ministry of the interior of the SR on 27.10.1997 under registration number: 203\/Na &#8211; 96\/463.<\/div>\n<div>\u00a0<\/div>\n<div class=\"col-md-12 text-center\"><a id=\"visualcom\" href=\"https:\/\/buducnostinak.sk\/wp-content\/uploads\/2022\/10\/NADACNA-LISTINA-NADACIA-PONTIS-2021.pdf\" target=\"_blank\" rel=\"noopener\">List in PDF <img decoding=\"async\" loading=\"lazy\" class=\"wp-image-1551 alignnone size-medium\" src=\"https:\/\/buducnostinak.sk\/wp-content\/uploads\/2022\/10\/external-link.svg\" alt=\"\" width=\"15\" height=\"15\" \/><\/a><\/div>\n<\/div>\n<p>[\/et_pb_blurb][\/et_pb_column][et_pb_column type=&#8221;1_2&#8243; _builder_version=&#8221;4.17.4&#8243; _module_preset=&#8221;default&#8221; global_colors_info=&#8221;{}&#8221;][et_pb_text _builder_version=&#8221;4.17.4&#8243; _module_preset=&#8221;default&#8221; text_font=&#8221;Poppins|700|||||||&#8221; text_text_color=&#8221;gcid-42403680-bd23-4451-8f19-5bbb92492dae&#8221; text_font_size=&#8221;21px&#8221; text_line_height=&#8221;1.25em&#8221; global_colors_info=&#8221;{%22gcid-42403680-bd23-4451-8f19-5bbb92492dae%22:%91%22text_text_color%22%93}&#8221;]<\/p>\n<p>Interested in the programme? Do you have questions or would you like to work with us? Write to us.<\/p>\n<p>[\/et_pb_text][et_pb_code disabled_on=&#8221;off|off|off&#8221; module_class=&#8221;formular&#8221; _builder_version=&#8221;4.17.4&#8243; _module_preset=&#8221;default&#8221; global_colors_info=&#8221;{}&#8221;]\n<div class=\"wpcf7 no-js\" id=\"wpcf7-f5934-o1\" lang=\"sk-SK\" dir=\"ltr\">\n<div class=\"screen-reader-response\"><p role=\"status\" aria-live=\"polite\" aria-atomic=\"true\"><\/p> <ul><\/ul><\/div>\n<form action=\"\/en\/wp-json\/wp\/v2\/pages\/5903#wpcf7-f5934-o1\" method=\"post\" class=\"wpcf7-form init\" aria-label=\"Contact form\" novalidate=\"novalidate\" data-status=\"init\">\n<div style=\"display: none;\">\n<input type=\"hidden\" name=\"_wpcf7\" value=\"5934\" \/>\n<input type=\"hidden\" name=\"_wpcf7_version\" value=\"5.7.5.1\" \/>\n<input type=\"hidden\" name=\"_wpcf7_locale\" value=\"sk_SK\" \/>\n<input type=\"hidden\" name=\"_wpcf7_unit_tag\" value=\"wpcf7-f5934-o1\" \/>\n<input type=\"hidden\" name=\"_wpcf7_container_post\" value=\"0\" \/>\n<input type=\"hidden\" name=\"_wpcf7_posted_data_hash\" value=\"\" \/>\n<\/div>\n<p><label>Full name<\/label><br \/>\n<span class=\"wpcf7-form-control-wrap\" data-name=\"your-name\"><input size=\"40\" class=\"wpcf7-form-control wpcf7-text wpcf7-validates-as-required\" aria-required=\"true\" aria-invalid=\"false\" value=\"\" type=\"text\" name=\"your-name\" \/><\/span>\n<\/p>\n<p><label>E-mail address<\/label><br \/>\n<span class=\"wpcf7-form-control-wrap\" data-name=\"your-email\"><input size=\"40\" class=\"wpcf7-form-control wpcf7-text wpcf7-email wpcf7-validates-as-required wpcf7-validates-as-email\" aria-required=\"true\" aria-invalid=\"false\" value=\"\" type=\"email\" name=\"your-email\" \/><\/span>\n<\/p>\n<p><label>Contact number<\/label><br \/>\n<span class=\"wpcf7-form-control-wrap\" data-name=\"number-613\"><input size=\"40\" class=\"wpcf7-form-control wpcf7-text wpcf7-tel wpcf7-validates-as-required wpcf7-validates-as-tel\" aria-required=\"true\" aria-invalid=\"false\" value=\"\" type=\"tel\" name=\"number-613\" \/><\/span>\n<\/p>\n<p><label>Your message:<\/label><br \/>\n<span class=\"wpcf7-form-control-wrap\" data-name=\"your-message\"><textarea cols=\"40\" rows=\"10\" class=\"wpcf7-form-control wpcf7-textarea\" aria-invalid=\"false\" name=\"your-message\"><\/textarea><\/span>\n<\/p>\n<p><span id=\"wpcf7-69ecf2b086e2f-wrapper\" class=\"wpcf7-form-control-wrap www-wrap\" ><input type=\"hidden\" name=\"www-time-start\" value=\"1777136304\"><input type=\"hidden\" name=\"www-time-check\" value=\"4\"><label for=\"wpcf7-69ecf2b086e2f-field\" class=\"hp-message\">Prosim nevyplnovat<\/label><input id=\"wpcf7-69ecf2b086e2f-field\"  placeholder=\"Prosim nevyplnovat\"  class=\"wpcf7-form-control wpcf7-text\" type=\"text\" name=\"www\" value=\"\" size=\"40\" tabindex=\"-1\" autocomplete=\"new-password\" \/><\/span>\n<\/p>\n<div class=\"cf-container\">\n\t<div class=\"cf-col-6\">\n\t\t<p><input class=\"wpcf7-form-control has-spinner wpcf7-submit\" type=\"submit\" value=\"Submit\" \/>\n\t\t<\/p>\n\t<\/div>\n\t<div class=\"cf-col-6\">\n\t\t<div class=\"mensi-text\">\n\t\t\t<p><span class=\"wpcf7-form-control-wrap\" data-name=\"checkbox-GDPR\"><span class=\"wpcf7-form-control wpcf7-checkbox wpcf7-validates-as-required\"><span class=\"wpcf7-list-item first last\"><input type=\"checkbox\" name=\"checkbox-GDPR[]\" value=\"I agree to the collection of personal data* (i.e. first name, last name, telephone, email address), as indicated\" \/><span class=\"wpcf7-list-item-label\">I agree to the collection of personal data* (i.e. first name, last name, telephone, email address), as indicated<\/span><\/span><\/span><\/span><a href=\"https:\/\/www.nadaciapontis.sk\/ochrana-osobnych-udajov\/\" target=\"_blank\">in the privacy policy.<\/a>\n\t\t\t<\/p>\n\t\t<\/div>\n\t<\/div>\n<\/div><div class=\"wpcf7-response-output\" aria-hidden=\"true\"><\/div>\n<\/form>\n<\/div>\n[\/et_pb_code][\/et_pb_column][\/et_pb_row][et_pb_row _builder_version=&#8221;4.17.4&#8243; background_size=&#8221;initial&#8221; background_position=&#8221;top_left&#8221; background_repeat=&#8221;repeat&#8221; width=&#8221;100%&#8221; max_width=&#8221;3500px&#8221; custom_padding=&#8221;0px||0px||false|false&#8221; global_colors_info=&#8221;{}&#8221;][et_pb_column type=&#8221;4_4&#8243; _builder_version=&#8221;4.16&#8243; custom_padding=&#8221;|||&#8221; global_colors_info=&#8221;{}&#8221; custom_padding__hover=&#8221;|||&#8221;][et_pb_code admin_label=&#8221;code map SVK&#8221; _builder_version=&#8221;4.17.4&#8243; _module_preset=&#8221;default&#8221; custom_padding=&#8221;0px||0px||false|false&#8221; custom_css_main_element=&#8221;filter: saturate(40%);&#8221; global_colors_info=&#8221;{}&#8221;]<\/p>\n<div style=\"width: 100%\"><iframe loading=\"lazy\" width=\"100%\" height=\"600\" src=\"https:\/\/www.google.com\/maps\/embed?pb=!1m18!1m12!1m3!1d2661.662727173261!2d17.137728251648895!3d48.15530715780246!2m3!1f0!2f0!3f0!3m2!1i1024!2i768!4f13.1!3m3!1m2!1s0x476c89331eff39fd%3A0xf0c011f030884710!2sNad%C3%A1cia%20Pontis!5e0!3m2!1ssk!2ssk!4v1658240259145!5m2!1ssk!2ssk\" frameborder=\"0\" scrolling=\"no\" marginheight=\"0\" marginwidth=\"0\"><a href=\"https:\/\/www.maps.ie\/coordinates.html\">find my location<\/a><\/iframe><\/div>\n<p>[\/et_pb_code][\/et_pb_column][\/et_pb_row][\/et_pb_section]<\/p>\n","protected":false},"excerpt":{"rendered":"<p>Pontis FoundationZelin\u00e1rska 2821 08 BratislavaSlovakia +421 908 069 872Primary SchoolMaxima Gorky 21917 02 TrnavaSlovakia +421 911 984 911Elementary SchoolPetra Jilemnick\u00e9ho 1960 01 ZvolenSlovakia +421 918 985 219buducnostinak@nadaciapontis.skIBAN: SK33 0200 0000 0027 2106 2753SWIFT: SUBASKBXName of the bank: V\u00daB, a.s.Address of the bank: Mlynsk\u00e9 Nivy Street 1 , 829 90 Bratislava, Slovakia The Foundation is registered [&hellip;]<\/p>\n","protected":false},"author":2,"featured_media":0,"parent":0,"menu_order":0,"comment_status":"closed","ping_status":"closed","template":"","meta":{"_et_pb_use_builder":"on","_et_pb_old_content":"","_et_gb_content_width":"","inline_featured_image":false},"yoast_head":"<!-- This site is optimized with the Yoast SEO plugin v20.4 - https:\/\/yoast.com\/wordpress\/plugins\/seo\/ -->\n<title>Contact - Bud\u00facnos\u0165 inak<\/title>\n<meta name=\"description\" content=\"Contacts to Pontis, which runs the Future Different programme. Reach out to us because we are concerned about your children&#039;s future.\" \/>\n<meta name=\"robots\" content=\"index, follow, max-snippet:-1, max-image-preview:large, max-video-preview:-1\" \/>\n<link rel=\"canonical\" href=\"https:\/\/buducnostinak.sk\/en\/contact\/\" \/>\n<meta property=\"og:locale\" content=\"en_US\" \/>\n<meta property=\"og:type\" content=\"article\" \/>\n<meta property=\"og:title\" content=\"Contact - Bud\u00facnos\u0165 inak\" \/>\n<meta property=\"og:description\" content=\"Contacts to Pontis, which runs the Future Different programme. Reach out to us because we are concerned about your children&#039;s future.\" \/>\n<meta property=\"og:url\" content=\"https:\/\/buducnostinak.sk\/en\/contact\/\" \/>\n<meta property=\"og:site_name\" content=\"Bud\u00facnos\u0165 inak\" \/>\n<meta property=\"article:modified_time\" content=\"2025-11-12T08:10:41+00:00\" \/>\n<meta property=\"og:image\" content=\"https:\/\/buducnostinak.sk\/wp-content\/uploads\/2022\/10\/external-link.svg\" \/>\n<meta name=\"twitter:card\" content=\"summary_large_image\" \/>\n<meta name=\"twitter:label1\" content=\"Est. reading time\" \/>\n\t<meta name=\"twitter:data1\" content=\"3 minutes\" \/>\n<script type=\"application\/ld+json\" class=\"yoast-schema-graph\">{\"@context\":\"https:\/\/schema.org\",\"@graph\":[{\"@type\":\"WebPage\",\"@id\":\"https:\/\/buducnostinak.sk\/en\/contact\/\",\"url\":\"https:\/\/buducnostinak.sk\/en\/contact\/\",\"name\":\"Contact - Bud\u00facnos\u0165 inak\",\"isPartOf\":{\"@id\":\"https:\/\/buducnostinak.sk\/#website\"},\"datePublished\":\"2022-06-29T14:26:49+00:00\",\"dateModified\":\"2025-11-12T08:10:41+00:00\",\"description\":\"Contacts to Pontis, which runs the Future Different programme. Reach out to us because we are concerned about your children's future.\",\"breadcrumb\":{\"@id\":\"https:\/\/buducnostinak.sk\/en\/contact\/#breadcrumb\"},\"inLanguage\":\"en-US\",\"potentialAction\":[{\"@type\":\"ReadAction\",\"target\":[\"https:\/\/buducnostinak.sk\/en\/contact\/\"]}]},{\"@type\":\"BreadcrumbList\",\"@id\":\"https:\/\/buducnostinak.sk\/en\/contact\/#breadcrumb\",\"itemListElement\":[{\"@type\":\"ListItem\",\"position\":1,\"name\":\"Home\",\"item\":\"https:\/\/buducnostinak.sk\/en\/\"},{\"@type\":\"ListItem\",\"position\":2,\"name\":\"Contact\"}]},{\"@type\":\"WebSite\",\"@id\":\"https:\/\/buducnostinak.sk\/#website\",\"url\":\"https:\/\/buducnostinak.sk\/\",\"name\":\"Bud\u00facnos\u0165 inak\",\"description\":\"Bud\u00facnos\u0165 INAK je mimo\u0161kolsk\u00fd program pre mlad\u00fdch \u0161tudentov\",\"potentialAction\":[{\"@type\":\"SearchAction\",\"target\":{\"@type\":\"EntryPoint\",\"urlTemplate\":\"https:\/\/buducnostinak.sk\/?s={search_term_string}\"},\"query-input\":\"required name=search_term_string\"}],\"inLanguage\":\"en-US\"}]}<\/script>\n<!-- \/ Yoast SEO plugin. -->","yoast_head_json":{"title":"Contact - Bud\u00facnos\u0165 inak","description":"Contacts to Pontis, which runs the Future Different programme. Reach out to us because we are concerned about your children's future.","robots":{"index":"index","follow":"follow","max-snippet":"max-snippet:-1","max-image-preview":"max-image-preview:large","max-video-preview":"max-video-preview:-1"},"canonical":"https:\/\/buducnostinak.sk\/en\/contact\/","og_locale":"en_US","og_type":"article","og_title":"Contact - Bud\u00facnos\u0165 inak","og_description":"Contacts to Pontis, which runs the Future Different programme. Reach out to us because we are concerned about your children's future.","og_url":"https:\/\/buducnostinak.sk\/en\/contact\/","og_site_name":"Bud\u00facnos\u0165 inak","article_modified_time":"2025-11-12T08:10:41+00:00","og_image":[{"url":"https:\/\/buducnostinak.sk\/wp-content\/uploads\/2022\/10\/external-link.svg"}],"twitter_card":"summary_large_image","twitter_misc":{"Est. reading time":"3 minutes"},"schema":{"@context":"https:\/\/schema.org","@graph":[{"@type":"WebPage","@id":"https:\/\/buducnostinak.sk\/en\/contact\/","url":"https:\/\/buducnostinak.sk\/en\/contact\/","name":"Contact - Bud\u00facnos\u0165 inak","isPartOf":{"@id":"https:\/\/buducnostinak.sk\/#website"},"datePublished":"2022-06-29T14:26:49+00:00","dateModified":"2025-11-12T08:10:41+00:00","description":"Contacts to Pontis, which runs the Future Different programme. Reach out to us because we are concerned about your children's future.","breadcrumb":{"@id":"https:\/\/buducnostinak.sk\/en\/contact\/#breadcrumb"},"inLanguage":"en-US","potentialAction":[{"@type":"ReadAction","target":["https:\/\/buducnostinak.sk\/en\/contact\/"]}]},{"@type":"BreadcrumbList","@id":"https:\/\/buducnostinak.sk\/en\/contact\/#breadcrumb","itemListElement":[{"@type":"ListItem","position":1,"name":"Home","item":"https:\/\/buducnostinak.sk\/en\/"},{"@type":"ListItem","position":2,"name":"Contact"}]},{"@type":"WebSite","@id":"https:\/\/buducnostinak.sk\/#website","url":"https:\/\/buducnostinak.sk\/","name":"Bud\u00facnos\u0165 inak","description":"Bud\u00facnos\u0165 INAK je mimo\u0161kolsk\u00fd program pre mlad\u00fdch \u0161tudentov","potentialAction":[{"@type":"SearchAction","target":{"@type":"EntryPoint","urlTemplate":"https:\/\/buducnostinak.sk\/?s={search_term_string}"},"query-input":"required name=search_term_string"}],"inLanguage":"en-US"}]}},"_links":{"self":[{"href":"https:\/\/buducnostinak.sk\/en\/wp-json\/wp\/v2\/pages\/5903"}],"collection":[{"href":"https:\/\/buducnostinak.sk\/en\/wp-json\/wp\/v2\/pages"}],"about":[{"href":"https:\/\/buducnostinak.sk\/en\/wp-json\/wp\/v2\/types\/page"}],"author":[{"embeddable":true,"href":"https:\/\/buducnostinak.sk\/en\/wp-json\/wp\/v2\/users\/2"}],"replies":[{"embeddable":true,"href":"https:\/\/buducnostinak.sk\/en\/wp-json\/wp\/v2\/comments?post=5903"}],"version-history":[{"count":6,"href":"https:\/\/buducnostinak.sk\/en\/wp-json\/wp\/v2\/pages\/5903\/revisions"}],"predecessor-version":[{"id":9923,"href":"https:\/\/buducnostinak.sk\/en\/wp-json\/wp\/v2\/pages\/5903\/revisions\/9923"}],"wp:attachment":[{"href":"https:\/\/buducnostinak.sk\/en\/wp-json\/wp\/v2\/media?parent=5903"}],"curies":[{"name":"wp","href":"https:\/\/api.w.org\/{rel}","templated":true}]}}