{"id":6221,"date":"2022-10-24T12:03:06","date_gmt":"2022-10-24T12:03:06","guid":{"rendered":"https:\/\/buducnostinak.sk\/we-thank-you\/"},"modified":"2024-03-07T11:11:31","modified_gmt":"2024-03-07T11:11:31","slug":"we-thank-you","status":"publish","type":"page","link":"https:\/\/buducnostinak.sk\/en\/we-thank-you\/","title":{"rendered":"We thank you"},"content":{"rendered":"<p>[et_pb_section fb_built=&#8221;1&#8243; _builder_version=&#8221;4.17.4&#8243; _module_preset=&#8221;default&#8221; background_color=&#8221;RGBA(255,255,255,0)&#8221; background_image=&#8221;https:\/\/buducnostinak.sk\/wp-content\/uploads\/2022\/10\/kontakt-foto-2.jpg&#8221; parallax=&#8221;on&#8221; custom_padding=&#8221;8%||8%||false|false&#8221; global_colors_info=&#8221;{}&#8221;][et_pb_row use_custom_gutter=&#8221;on&#8221; gutter_width=&#8221;1&#8243; _builder_version=&#8221;4.17.4&#8243; _module_preset=&#8221;default&#8221; width=&#8221;100%&#8221; width_tablet=&#8221;100%&#8221; width_phone=&#8221;100%&#8221; width_last_edited=&#8221;on|desktop&#8221; custom_padding=&#8221;||||false|false&#8221; custom_css_main_element=&#8221;display: flex;||align-items: flex-end;&#8221; global_colors_info=&#8221;{}&#8221; custom_css_main_element_last_edited=&#8221;on|desktop&#8221; custom_css_main_element_tablet=&#8221;display: block;&#8221; custom_css_main_element_phone=&#8221;display: block;&#8221;][et_pb_column type=&#8221;4_4&#8243; _builder_version=&#8221;4.17.4&#8243; _module_preset=&#8221;default&#8221; global_colors_info=&#8221;{}&#8221;][et_pb_text admin_label=&#8221;H1 %22aktuality%22&#8243; _builder_version=&#8221;4.17.4&#8243; _module_preset=&#8221;default&#8221; text_font=&#8221;Poppins||||||||&#8221; text_text_color=&#8221;#FFFFFF&#8221; text_font_size=&#8221;19px&#8221; header_text_color=&#8221;#FFFFFF&#8221; header_font_size=&#8221;50px&#8221; text_orientation=&#8221;center&#8221; text_font_size_tablet=&#8221;31px&#8221; text_font_size_phone=&#8221;31px&#8221; text_font_size_last_edited=&#8221;off|desktop&#8221; header_font_size_tablet=&#8221;31px&#8221; header_font_size_phone=&#8221;31px&#8221; header_font_size_last_edited=&#8221;on|desktop&#8221; global_colors_info=&#8221;{}&#8221;]<\/p>\n<h1>We thank you<\/h1>\n<p>for your message<\/p>\n<p>[\/et_pb_text][\/et_pb_column][\/et_pb_row][\/et_pb_section][et_pb_section fb_built=&#8221;1&#8243; _builder_version=&#8221;4.17.4&#8243; _module_preset=&#8221;default&#8221; background_color=&#8221;RGBA(255,255,255,0)&#8221; custom_padding=&#8221;||||false|false&#8221; global_colors_info=&#8221;{}&#8221;][et_pb_row _builder_version=&#8221;4.17.4&#8243; _module_preset=&#8221;default&#8221; global_colors_info=&#8221;{}&#8221;][et_pb_column type=&#8221;4_4&#8243; _builder_version=&#8221;4.17.4&#8243; _module_preset=&#8221;default&#8221; global_colors_info=&#8221;{}&#8221;][et_pb_text _builder_version=&#8221;4.17.4&#8243; _module_preset=&#8221;default&#8221; text_text_color=&#8221;gcid-53e41acd-58ce-4c46-93b1-6abbdd39254c&#8221; text_font_size=&#8221;16px&#8221; text_orientation=&#8221;center&#8221; global_colors_info=&#8221;{%22gcid-53e41acd-58ce-4c46-93b1-6abbdd39254c%22:%91%22text_text_color%22%93}&#8221;]<\/p>\n<p><img decoding=\"async\" loading=\"lazy\" class=\"wp-image-593 alignnone \" src=\"https:\/\/buducnostinak.sk\/wp-content\/uploads\/2022\/07\/thumbsup02-modre.svg\" alt=\"\" width=\"72\" height=\"72\"><\/p>\n<p><strong>We have received your message.<\/strong> Whether you apply as a partner, consultant, speaker or write in another context, we will contact you as soon as possible.<\/p>\n<p>[\/et_pb_text][et_pb_button button_url=&#8221;\/&#8221; button_text=&#8221;Main page&#8221; button_alignment=&#8221;center&#8221; _builder_version=&#8221;4.17.4&#8243; _module_preset=&#8221;default&#8221; custom_button=&#8221;on&#8221; button_text_size=&#8221;18px&#8221; button_text_color=&#8221;gcid-53e41acd-58ce-4c46-93b1-6abbdd39254c&#8221; button_bg_color=&#8221;gcid-87d699e2-13ff-496c-aecc-49cf5cd8e4a6&#8243; button_border_width=&#8221;0px&#8221; button_border_radius=&#8221;0px&#8221; button_font=&#8221;Poppins|600|||||||&#8221; button_use_icon=&#8221;off&#8221; custom_margin=&#8221;5%||25px||false|false&#8221; custom_padding=&#8221;13px|40px|13px|40px|false|false&#8221; animation_style=&#8221;slide&#8221; animation_intensity_slide=&#8221;48%&#8221; hover_enabled=&#8221;0&#8243; global_colors_info=&#8221;{%22gcid-87d699e2-13ff-496c-aecc-49cf5cd8e4a6%22:%91%22button_bg_color%22%93,%22gcid-53e41acd-58ce-4c46-93b1-6abbdd39254c%22:%91%22button_text_color%22%93,%22gcid-42403680-bd23-4451-8f19-5bbb92492dae%22:%91%22button_bg_color__hover%22%93}&#8221; button_bg_color__hover_enabled=&#8221;on|desktop&#8221; button_bg_color__hover=&#8221;#ee7330&#8243; button_bg_enable_color__hover=&#8221;on&#8221; sticky_enabled=&#8221;0&#8243;][\/et_pb_button][\/et_pb_column][\/et_pb_row][\/et_pb_section]<\/p>\n","protected":false},"excerpt":{"rendered":"<p>We thank you for your message We have received your message. Whether you apply as a partner, consultant, speaker or write in another context, we will contact you as soon as possible.<\/p>\n","protected":false},"author":2,"featured_media":0,"parent":0,"menu_order":0,"comment_status":"closed","ping_status":"closed","template":"","meta":{"_et_pb_use_builder":"on","_et_pb_old_content":"","_et_gb_content_width":"","inline_featured_image":false},"yoast_head":"<!-- This site is optimized with the Yoast SEO plugin v20.4 - https:\/\/yoast.com\/wordpress\/plugins\/seo\/ -->\n<title>Bud\u00facnos\u0165 inak - Thank you and the participants<\/title>\n<meta name=\"description\" content=\"We thank the participants for creating their own social projects. In the development and entrepreneurship Open Future programme.\" \/>\n<meta name=\"robots\" content=\"index, follow, max-snippet:-1, max-image-preview:large, max-video-preview:-1\" \/>\n<link rel=\"canonical\" href=\"https:\/\/buducnostinak.sk\/en\/we-thank-you\/\" \/>\n<meta property=\"og:locale\" content=\"en_US\" \/>\n<meta property=\"og:type\" content=\"article\" \/>\n<meta property=\"og:title\" content=\"Bud\u00facnos\u0165 inak - Thank you and the participants\" \/>\n<meta property=\"og:description\" content=\"We thank the participants for creating their own social projects. In the development and entrepreneurship Open Future programme.\" \/>\n<meta property=\"og:url\" content=\"https:\/\/buducnostinak.sk\/en\/we-thank-you\/\" \/>\n<meta property=\"og:site_name\" content=\"Bud\u00facnos\u0165 inak\" \/>\n<meta property=\"article:modified_time\" content=\"2024-03-07T11:11:31+00:00\" \/>\n<meta property=\"og:image\" content=\"https:\/\/buducnostinak.sk\/wp-content\/uploads\/2022\/07\/thumbsup02-modre.svg\" \/>\n<meta name=\"twitter:card\" content=\"summary_large_image\" \/>\n<meta name=\"twitter:label1\" content=\"Est. reading time\" \/>\n\t<meta name=\"twitter:data1\" content=\"2 minutes\" \/>\n<script type=\"application\/ld+json\" class=\"yoast-schema-graph\">{\"@context\":\"https:\/\/schema.org\",\"@graph\":[{\"@type\":\"WebPage\",\"@id\":\"https:\/\/buducnostinak.sk\/en\/we-thank-you\/\",\"url\":\"https:\/\/buducnostinak.sk\/en\/we-thank-you\/\",\"name\":\"Bud\u00facnos\u0165 inak - Thank you and the participants\",\"isPartOf\":{\"@id\":\"https:\/\/buducnostinak.sk\/#website\"},\"datePublished\":\"2022-10-24T12:03:06+00:00\",\"dateModified\":\"2024-03-07T11:11:31+00:00\",\"description\":\"We thank the participants for creating their own social projects. In the development and entrepreneurship Open Future programme.\",\"breadcrumb\":{\"@id\":\"https:\/\/buducnostinak.sk\/en\/we-thank-you\/#breadcrumb\"},\"inLanguage\":\"en-US\",\"potentialAction\":[{\"@type\":\"ReadAction\",\"target\":[\"https:\/\/buducnostinak.sk\/en\/we-thank-you\/\"]}]},{\"@type\":\"BreadcrumbList\",\"@id\":\"https:\/\/buducnostinak.sk\/en\/we-thank-you\/#breadcrumb\",\"itemListElement\":[{\"@type\":\"ListItem\",\"position\":1,\"name\":\"Home\",\"item\":\"https:\/\/buducnostinak.sk\/en\/\"},{\"@type\":\"ListItem\",\"position\":2,\"name\":\"We thank you\"}]},{\"@type\":\"WebSite\",\"@id\":\"https:\/\/buducnostinak.sk\/#website\",\"url\":\"https:\/\/buducnostinak.sk\/\",\"name\":\"Bud\u00facnos\u0165 inak\",\"description\":\"Bud\u00facnos\u0165 INAK je mimo\u0161kolsk\u00fd program pre mlad\u00fdch \u0161tudentov\",\"potentialAction\":[{\"@type\":\"SearchAction\",\"target\":{\"@type\":\"EntryPoint\",\"urlTemplate\":\"https:\/\/buducnostinak.sk\/?s={search_term_string}\"},\"query-input\":\"required name=search_term_string\"}],\"inLanguage\":\"en-US\"}]}<\/script>\n<!-- \/ Yoast SEO plugin. -->","yoast_head_json":{"title":"Bud\u00facnos\u0165 inak - Thank you and the participants","description":"We thank the participants for creating their own social projects. In the development and entrepreneurship Open Future programme.","robots":{"index":"index","follow":"follow","max-snippet":"max-snippet:-1","max-image-preview":"max-image-preview:large","max-video-preview":"max-video-preview:-1"},"canonical":"https:\/\/buducnostinak.sk\/en\/we-thank-you\/","og_locale":"en_US","og_type":"article","og_title":"Bud\u00facnos\u0165 inak - Thank you and the participants","og_description":"We thank the participants for creating their own social projects. In the development and entrepreneurship Open Future programme.","og_url":"https:\/\/buducnostinak.sk\/en\/we-thank-you\/","og_site_name":"Bud\u00facnos\u0165 inak","article_modified_time":"2024-03-07T11:11:31+00:00","og_image":[{"url":"https:\/\/buducnostinak.sk\/wp-content\/uploads\/2022\/07\/thumbsup02-modre.svg"}],"twitter_card":"summary_large_image","twitter_misc":{"Est. reading time":"2 minutes"},"schema":{"@context":"https:\/\/schema.org","@graph":[{"@type":"WebPage","@id":"https:\/\/buducnostinak.sk\/en\/we-thank-you\/","url":"https:\/\/buducnostinak.sk\/en\/we-thank-you\/","name":"Bud\u00facnos\u0165 inak - Thank you and the participants","isPartOf":{"@id":"https:\/\/buducnostinak.sk\/#website"},"datePublished":"2022-10-24T12:03:06+00:00","dateModified":"2024-03-07T11:11:31+00:00","description":"We thank the participants for creating their own social projects. In the development and entrepreneurship Open Future programme.","breadcrumb":{"@id":"https:\/\/buducnostinak.sk\/en\/we-thank-you\/#breadcrumb"},"inLanguage":"en-US","potentialAction":[{"@type":"ReadAction","target":["https:\/\/buducnostinak.sk\/en\/we-thank-you\/"]}]},{"@type":"BreadcrumbList","@id":"https:\/\/buducnostinak.sk\/en\/we-thank-you\/#breadcrumb","itemListElement":[{"@type":"ListItem","position":1,"name":"Home","item":"https:\/\/buducnostinak.sk\/en\/"},{"@type":"ListItem","position":2,"name":"We thank you"}]},{"@type":"WebSite","@id":"https:\/\/buducnostinak.sk\/#website","url":"https:\/\/buducnostinak.sk\/","name":"Bud\u00facnos\u0165 inak","description":"Bud\u00facnos\u0165 INAK je mimo\u0161kolsk\u00fd program pre mlad\u00fdch \u0161tudentov","potentialAction":[{"@type":"SearchAction","target":{"@type":"EntryPoint","urlTemplate":"https:\/\/buducnostinak.sk\/?s={search_term_string}"},"query-input":"required name=search_term_string"}],"inLanguage":"en-US"}]}},"_links":{"self":[{"href":"https:\/\/buducnostinak.sk\/en\/wp-json\/wp\/v2\/pages\/6221"}],"collection":[{"href":"https:\/\/buducnostinak.sk\/en\/wp-json\/wp\/v2\/pages"}],"about":[{"href":"https:\/\/buducnostinak.sk\/en\/wp-json\/wp\/v2\/types\/page"}],"author":[{"embeddable":true,"href":"https:\/\/buducnostinak.sk\/en\/wp-json\/wp\/v2\/users\/2"}],"replies":[{"embeddable":true,"href":"https:\/\/buducnostinak.sk\/en\/wp-json\/wp\/v2\/comments?post=6221"}],"version-history":[{"count":6,"href":"https:\/\/buducnostinak.sk\/en\/wp-json\/wp\/v2\/pages\/6221\/revisions"}],"predecessor-version":[{"id":6233,"href":"https:\/\/buducnostinak.sk\/en\/wp-json\/wp\/v2\/pages\/6221\/revisions\/6233"}],"wp:attachment":[{"href":"https:\/\/buducnostinak.sk\/en\/wp-json\/wp\/v2\/media?parent=6221"}],"curies":[{"name":"wp","href":"https:\/\/api.w.org\/{rel}","templated":true}]}}