{"id":6247,"date":"2022-06-29T14:25:17","date_gmt":"2022-06-29T14:25:17","guid":{"rendered":"https:\/\/buducnostinak.sk\/news\/"},"modified":"2024-03-07T11:49:53","modified_gmt":"2024-03-07T11:49:53","slug":"news","status":"publish","type":"page","link":"https:\/\/buducnostinak.sk\/en\/news\/","title":{"rendered":"News"},"content":{"rendered":"<p>[et_pb_section fb_built=&#8221;1&#8243; _builder_version=&#8221;4.17.4&#8243; _module_preset=&#8221;default&#8221; background_color=&#8221;RGBA(255,255,255,0)&#8221; background_image=&#8221;https:\/\/buducnostinak.sk\/wp-content\/uploads\/2022\/09\/aktuality-3.jpg&#8221; parallax=&#8221;on&#8221; custom_padding=&#8221;8%||8%||false|false&#8221; global_colors_info=&#8221;{}&#8221;][et_pb_row use_custom_gutter=&#8221;on&#8221; gutter_width=&#8221;1&#8243; _builder_version=&#8221;4.17.4&#8243; _module_preset=&#8221;default&#8221; width=&#8221;100%&#8221; width_tablet=&#8221;100%&#8221; width_phone=&#8221;100%&#8221; width_last_edited=&#8221;on|desktop&#8221; custom_padding=&#8221;||||false|false&#8221; custom_css_main_element=&#8221;display: flex;||align-items: flex-end;&#8221; global_colors_info=&#8221;{}&#8221; custom_css_main_element_last_edited=&#8221;on|desktop&#8221; custom_css_main_element_tablet=&#8221;display: block;&#8221; custom_css_main_element_phone=&#8221;display: block;&#8221;][et_pb_column type=&#8221;4_4&#8243; _builder_version=&#8221;4.17.4&#8243; _module_preset=&#8221;default&#8221; global_colors_info=&#8221;{}&#8221;][et_pb_text admin_label=&#8221;H1 %22news%22&#8243; _builder_version=&#8221;4.17.4&#8243; _module_preset=&#8221;default&#8221; text_font=&#8221;Poppins|800|||||||&#8221; text_text_color=&#8221;#FFFFFF&#8221; text_font_size=&#8221;50px&#8221; header_text_color=&#8221;#FFFFFF&#8221; header_font_size=&#8221;50px&#8221; text_orientation=&#8221;center&#8221; text_font_size_tablet=&#8221;31px&#8221; text_font_size_phone=&#8221;31px&#8221; text_font_size_last_edited=&#8221;on|desktop&#8221; header_font_size_tablet=&#8221;31px&#8221; header_font_size_phone=&#8221;31px&#8221; header_font_size_last_edited=&#8221;on|desktop&#8221; global_colors_info=&#8221;{}&#8221;]<\/p>\n<h1>News<\/h1>\n<p>[\/et_pb_text][\/et_pb_column][\/et_pb_row][\/et_pb_section][et_pb_section fb_built=&#8221;1&#8243; _builder_version=&#8221;4.17.4&#8243; _module_preset=&#8221;default&#8221; background_color=&#8221;RGBA(255,255,255,0)&#8221; custom_padding=&#8221;||0px||false|false&#8221; global_colors_info=&#8221;{}&#8221;][et_pb_row use_custom_gutter=&#8221;on&#8221; gutter_width=&#8221;1&#8243; _builder_version=&#8221;4.17.4&#8243; _module_preset=&#8221;default&#8221; width=&#8221;100%&#8221; width_tablet=&#8221;100%&#8221; width_phone=&#8221;88%&#8221; width_last_edited=&#8221;on|desktop&#8221; custom_padding=&#8221;||||false|false&#8221; custom_css_main_element=&#8221;display: flex;||align-items: flex-end;&#8221; global_colors_info=&#8221;{}&#8221; custom_css_main_element_last_edited=&#8221;on|desktop&#8221; custom_css_main_element_tablet=&#8221;display: block;&#8221; custom_css_main_element_phone=&#8221;display: block;&#8221;][et_pb_column type=&#8221;4_4&#8243; _builder_version=&#8221;4.17.4&#8243; _module_preset=&#8221;default&#8221; global_colors_info=&#8221;{}&#8221;][et_pb_blog fullwidth=&#8221;off&#8221; posts_number=&#8221;40&#8243; include_categories=&#8221;29,28&#8243; meta_date=&#8221;j. M, Y&#8221; excerpt_length=&#8221;115&#8243; show_more=&#8221;on&#8221; show_author=&#8221;off&#8221; show_categories=&#8221;off&#8221; show_pagination=&#8221;off&#8221; use_overlay=&#8221;on&#8221; overlay_icon_color=&#8221;RGBA(255,255,255,0)&#8221; hover_overlay_color=&#8221;rgba(12,113,195,0.4)&#8221; hover_icon=&#8221;&#xf103;||fa||900&#8243; module_class=&#8221;pa-blog-load-more&#8221; _builder_version=&#8221;4.17.4&#8243; _module_preset=&#8221;default&#8221; header_text_color=&#8221;gcid-53e41acd-58ce-4c46-93b1-6abbdd39254c&#8221; header_line_height=&#8221;1.3em&#8221; body_text_color=&#8221;gcid-53e41acd-58ce-4c46-93b1-6abbdd39254c&#8221; meta_text_color=&#8221;gcid-53e41acd-58ce-4c46-93b1-6abbdd39254c&#8221; read_more_font=&#8221;Poppins|700|||||||&#8221; read_more_text_color=&#8221;gcid-53e41acd-58ce-4c46-93b1-6abbdd39254c&#8221; background_color=&#8221;RGBA(255,255,255,0)&#8221; hover_enabled=&#8221;0&#8243; custom_css_title=&#8221;height: 110px;&#8221; custom_css_post_meta=&#8221;background-color: #f5f5f5;||padding-top: 3px;||width: 120px !important;||padding-left: 10px !important;||display: inline-table;||padding-right: 10px !important;||margin-top: -165px;&#8221; custom_css_read_more=&#8221;float: right;||padding-right: 40px;||padding-top: 20px;&#8221; border_width_all=&#8221;0px&#8221; border_color_all=&#8221;RGBA(255,255,255,0)&#8221; global_colors_info=&#8221;{%22gcid-53e41acd-58ce-4c46-93b1-6abbdd39254c%22:%91%22read_more_text_color%22,%22body_text_color%22,%22meta_text_color%22,%22header_text_color%22%93,%22gcid-42403680-bd23-4451-8f19-5bbb92492dae%22:%91%22read_more_text_color__hover%22,%22header_text_color__hover%22%93}&#8221; custom_css_title_last_edited=&#8221;off|phone&#8221; custom_css_title_phone=&#8221;height: 90px;||&#8221; read_more_text_color__hover_enabled=&#8221;on|desktop&#8221; read_more_text_color__hover=&#8221;#ee7330&#8243; custom_css_title_tablet=&#8221;height: 90px;&#8221; header_text_color__hover_enabled=&#8221;on|hover&#8221; header_text_color__hover=&#8221;#ee7330&#8243; sticky_enabled=&#8221;0&#8243;][\/et_pb_blog][et_pb_button button_text=&#8221;More news&#8221; button_alignment=&#8221;center&#8221; admin_label=&#8221;Tlacidlo ID=pa_load_more&#8221; module_id=&#8221;pa_load_more&#8221; _builder_version=&#8221;4.17.4&#8243; _module_preset=&#8221;default&#8221; custom_button=&#8221;on&#8221; button_text_size=&#8221;17px&#8221; button_text_color=&#8221;#FFFFFF&#8221; button_bg_color=&#8221;gcid-53e41acd-58ce-4c46-93b1-6abbdd39254c&#8221; button_border_width=&#8221;0px&#8221; button_border_radius=&#8221;0px&#8221; button_font=&#8221;Poppins||||||||&#8221; button_use_icon=&#8221;off&#8221; custom_margin=&#8221;1.2%||||false|false&#8221; custom_padding=&#8221;1.1%|35px|1.1%|35px|false|false&#8221; global_colors_info=&#8221;{%22gcid-53e41acd-58ce-4c46-93b1-6abbdd39254c%22:%91%22button_bg_color%22%93,%22gcid-42403680-bd23-4451-8f19-5bbb92492dae%22:%91%22button_bg_color__hover%22%93}&#8221; button_bg_color__hover_enabled=&#8221;on|desktop&#8221; button_bg_color__hover=&#8221;#ee7330&#8243; button_bg_enable_color__hover=&#8221;on&#8221;][\/et_pb_button][et_pb_code admin_label=&#8221;Code (pa_load_more)&#8221; _builder_version=&#8221;4.17.4&#8243; _module_preset=&#8221;default&#8221; global_colors_info=&#8221;{}&#8221;]<script><!-- [et_pb_line_break_holder] -->jQuery(document).ready(function(){<!-- [et_pb_line_break_holder] -->    \/\/For mobile Screens<!-- [et_pb_line_break_holder] -->    if (window.matchMedia('(max-width: 767px)').matches) {<!-- [et_pb_line_break_holder] -->        var initial_show_article = 3;<!-- [et_pb_line_break_holder] -->    var article_reveal = 2;<!-- [et_pb_line_break_holder] -->    jQuery(\".pa-blog-load-more article\").not( \":nth-child(-n+\"+initial_show_article+\")\" ).css(\"display\",\"none\");<!-- [et_pb_line_break_holder] -->    jQuery(\"#pa_load_more\").on(\"click\", function(event){<!-- [et_pb_line_break_holder] -->        event.preventDefault();<!-- [et_pb_line_break_holder] -->        initial_show_article = initial_show_article + article_reveal;<!-- [et_pb_line_break_holder] -->        jQuery(\".pa-blog-load-more article\").css(\"display\",\"block\");<!-- [et_pb_line_break_holder] -->        jQuery(\".pa-blog-load-more article\").not( \":nth-child(-n+\"+initial_show_article+\")\" ).css(\"display\",\"none\");<!-- [et_pb_line_break_holder] -->        var articles_num = jQuery(\".pa-blog-load-more article\").not('[style*=\"display: block\"]').length<!-- [et_pb_line_break_holder] -->            if(articles_num == 0){<!-- [et_pb_line_break_holder] -->            jQuery(this).css(\"display\",\"none\");    <!-- [et_pb_line_break_holder] -->            }   <!-- [et_pb_line_break_holder] -->    })<!-- [et_pb_line_break_holder] -->    } else {<!-- [et_pb_line_break_holder] -->        \/\/For desktop Screens<!-- [et_pb_line_break_holder] -->        var initial_row_show = 2;<!-- [et_pb_line_break_holder] -->        var row_reveal = 2;<!-- [et_pb_line_break_holder] -->        var total_articles = jQuery(\".pa-blog-load-more article\").length;<!-- [et_pb_line_break_holder] -->        jQuery(\".pa-blog-load-more article\").not( \":nth-child(-n+\"+initial_row_show+\")\" ).css(\"display\",\"none\");<!-- [et_pb_line_break_holder] -->        <!-- [et_pb_line_break_holder] -->        jQuery(\"#pa_load_more\").on(\"click\", function(event){<!-- [et_pb_line_break_holder] -->            event.preventDefault();<!-- [et_pb_line_break_holder] -->            initial_row_show = initial_row_show + row_reveal;<!-- [et_pb_line_break_holder] -->            jQuery(\".pa-blog-load-more article\").css(\"display\",\"block\");<!-- [et_pb_line_break_holder] -->            jQuery(\".pa-blog-load-more article\").not( \":nth-child(-n+\"+initial_row_show+\")\" ).css(\"display\",\"none\");<!-- [et_pb_line_break_holder] -->            var articles_num = jQuery(\".pa-blog-load-more article\").not('[style*=\"display: block\"]').length<!-- [et_pb_line_break_holder] -->            if(articles_num == 0){<!-- [et_pb_line_break_holder] -->            jQuery(this).css(\"display\",\"none\");    <!-- [et_pb_line_break_holder] -->            }    <!-- [et_pb_line_break_holder] -->        })<!-- [et_pb_line_break_holder] -->    } <!-- [et_pb_line_break_holder] -->})<!-- [et_pb_line_break_holder] --><\/script>[\/et_pb_code][\/et_pb_column][\/et_pb_row][\/et_pb_section]<\/p>\n","protected":false},"excerpt":{"rendered":"<p>News<\/p>\n","protected":false},"author":2,"featured_media":0,"parent":0,"menu_order":0,"comment_status":"closed","ping_status":"closed","template":"","meta":{"_et_pb_use_builder":"on","_et_pb_old_content":"","_et_gb_content_width":"","inline_featured_image":false},"yoast_head":"<!-- This site is optimized with the Yoast SEO plugin v20.4 - https:\/\/yoast.com\/wordpress\/plugins\/seo\/ -->\n<title>Bud\u00facnos\u0165 inak - we will support your school in digital skills<\/title>\n<meta name=\"description\" content=\"In development and entrepreneurship, the future program supports participants in a different way by creating their own social projects.\" \/>\n<meta name=\"robots\" content=\"index, follow, max-snippet:-1, max-image-preview:large, max-video-preview:-1\" \/>\n<link rel=\"canonical\" href=\"https:\/\/buducnostinak.sk\/en\/news\/\" \/>\n<meta property=\"og:locale\" content=\"en_US\" \/>\n<meta property=\"og:type\" content=\"article\" \/>\n<meta property=\"og:title\" content=\"Bud\u00facnos\u0165 inak - we will support your school in digital skills\" \/>\n<meta property=\"og:description\" content=\"In development and entrepreneurship, the future program supports participants in a different way by creating their own social projects.\" \/>\n<meta property=\"og:url\" content=\"https:\/\/buducnostinak.sk\/en\/news\/\" \/>\n<meta property=\"og:site_name\" content=\"Bud\u00facnos\u0165 inak\" \/>\n<meta property=\"article:modified_time\" content=\"2024-03-07T11:49:53+00:00\" \/>\n<meta name=\"twitter:card\" content=\"summary_large_image\" \/>\n<meta name=\"twitter:label1\" content=\"Est. reading time\" \/>\n\t<meta name=\"twitter:data1\" content=\"2 minutes\" \/>\n<script type=\"application\/ld+json\" class=\"yoast-schema-graph\">{\"@context\":\"https:\/\/schema.org\",\"@graph\":[{\"@type\":\"WebPage\",\"@id\":\"https:\/\/buducnostinak.sk\/en\/news\/\",\"url\":\"https:\/\/buducnostinak.sk\/en\/news\/\",\"name\":\"Bud\u00facnos\u0165 inak - we will support your school in digital skills\",\"isPartOf\":{\"@id\":\"https:\/\/buducnostinak.sk\/#website\"},\"datePublished\":\"2022-06-29T14:25:17+00:00\",\"dateModified\":\"2024-03-07T11:49:53+00:00\",\"description\":\"In development and entrepreneurship, the future program supports participants in a different way by creating their own social projects.\",\"breadcrumb\":{\"@id\":\"https:\/\/buducnostinak.sk\/en\/news\/#breadcrumb\"},\"inLanguage\":\"en-US\",\"potentialAction\":[{\"@type\":\"ReadAction\",\"target\":[\"https:\/\/buducnostinak.sk\/en\/news\/\"]}]},{\"@type\":\"BreadcrumbList\",\"@id\":\"https:\/\/buducnostinak.sk\/en\/news\/#breadcrumb\",\"itemListElement\":[{\"@type\":\"ListItem\",\"position\":1,\"name\":\"Home\",\"item\":\"https:\/\/buducnostinak.sk\/en\/\"},{\"@type\":\"ListItem\",\"position\":2,\"name\":\"News\"}]},{\"@type\":\"WebSite\",\"@id\":\"https:\/\/buducnostinak.sk\/#website\",\"url\":\"https:\/\/buducnostinak.sk\/\",\"name\":\"Bud\u00facnos\u0165 inak\",\"description\":\"Bud\u00facnos\u0165 INAK je mimo\u0161kolsk\u00fd program pre mlad\u00fdch \u0161tudentov\",\"potentialAction\":[{\"@type\":\"SearchAction\",\"target\":{\"@type\":\"EntryPoint\",\"urlTemplate\":\"https:\/\/buducnostinak.sk\/?s={search_term_string}\"},\"query-input\":\"required name=search_term_string\"}],\"inLanguage\":\"en-US\"}]}<\/script>\n<!-- \/ Yoast SEO plugin. -->","yoast_head_json":{"title":"Bud\u00facnos\u0165 inak - we will support your school in digital skills","description":"In development and entrepreneurship, the future program supports participants in a different way by creating their own social projects.","robots":{"index":"index","follow":"follow","max-snippet":"max-snippet:-1","max-image-preview":"max-image-preview:large","max-video-preview":"max-video-preview:-1"},"canonical":"https:\/\/buducnostinak.sk\/en\/news\/","og_locale":"en_US","og_type":"article","og_title":"Bud\u00facnos\u0165 inak - we will support your school in digital skills","og_description":"In development and entrepreneurship, the future program supports participants in a different way by creating their own social projects.","og_url":"https:\/\/buducnostinak.sk\/en\/news\/","og_site_name":"Bud\u00facnos\u0165 inak","article_modified_time":"2024-03-07T11:49:53+00:00","twitter_card":"summary_large_image","twitter_misc":{"Est. reading time":"2 minutes"},"schema":{"@context":"https:\/\/schema.org","@graph":[{"@type":"WebPage","@id":"https:\/\/buducnostinak.sk\/en\/news\/","url":"https:\/\/buducnostinak.sk\/en\/news\/","name":"Bud\u00facnos\u0165 inak - we will support your school in digital skills","isPartOf":{"@id":"https:\/\/buducnostinak.sk\/#website"},"datePublished":"2022-06-29T14:25:17+00:00","dateModified":"2024-03-07T11:49:53+00:00","description":"In development and entrepreneurship, the future program supports participants in a different way by creating their own social projects.","breadcrumb":{"@id":"https:\/\/buducnostinak.sk\/en\/news\/#breadcrumb"},"inLanguage":"en-US","potentialAction":[{"@type":"ReadAction","target":["https:\/\/buducnostinak.sk\/en\/news\/"]}]},{"@type":"BreadcrumbList","@id":"https:\/\/buducnostinak.sk\/en\/news\/#breadcrumb","itemListElement":[{"@type":"ListItem","position":1,"name":"Home","item":"https:\/\/buducnostinak.sk\/en\/"},{"@type":"ListItem","position":2,"name":"News"}]},{"@type":"WebSite","@id":"https:\/\/buducnostinak.sk\/#website","url":"https:\/\/buducnostinak.sk\/","name":"Bud\u00facnos\u0165 inak","description":"Bud\u00facnos\u0165 INAK je mimo\u0161kolsk\u00fd program pre mlad\u00fdch \u0161tudentov","potentialAction":[{"@type":"SearchAction","target":{"@type":"EntryPoint","urlTemplate":"https:\/\/buducnostinak.sk\/?s={search_term_string}"},"query-input":"required name=search_term_string"}],"inLanguage":"en-US"}]}},"_links":{"self":[{"href":"https:\/\/buducnostinak.sk\/en\/wp-json\/wp\/v2\/pages\/6247"}],"collection":[{"href":"https:\/\/buducnostinak.sk\/en\/wp-json\/wp\/v2\/pages"}],"about":[{"href":"https:\/\/buducnostinak.sk\/en\/wp-json\/wp\/v2\/types\/page"}],"author":[{"embeddable":true,"href":"https:\/\/buducnostinak.sk\/en\/wp-json\/wp\/v2\/users\/2"}],"replies":[{"embeddable":true,"href":"https:\/\/buducnostinak.sk\/en\/wp-json\/wp\/v2\/comments?post=6247"}],"version-history":[{"count":3,"href":"https:\/\/buducnostinak.sk\/en\/wp-json\/wp\/v2\/pages\/6247\/revisions"}],"predecessor-version":[{"id":6261,"href":"https:\/\/buducnostinak.sk\/en\/wp-json\/wp\/v2\/pages\/6247\/revisions\/6261"}],"wp:attachment":[{"href":"https:\/\/buducnostinak.sk\/en\/wp-json\/wp\/v2\/media?parent=6247"}],"curies":[{"name":"wp","href":"https:\/\/api.w.org\/{rel}","templated":true}]}}